{"id":3022,"date":"2024-05-02T14:12:15","date_gmt":"2024-05-02T12:12:15","guid":{"rendered":"https:\/\/onsuitzendgroep.nl\/abone-olun\/"},"modified":"2024-07-11T09:51:10","modified_gmt":"2024-07-11T07:51:10","slug":"abone-olun","status":"publish","type":"page","link":"https:\/\/onsuitzendgroep.nl\/tr\/abone-olun\/","title":{"rendered":"Abone Olun"},"content":{"rendered":"\t\t<div data-elementor-type=\"wp-page\" data-elementor-id=\"3022\" class=\"elementor elementor-3022 elementor-1326\" data-elementor-post-type=\"page\">\n\t\t\t\t<div class=\"elementor-element elementor-element-e9a5d50 e-flex e-con-boxed e-con e-parent\" data-id=\"e9a5d50\" data-element_type=\"container\" data-e-type=\"container\" data-settings=\"{&quot;background_background&quot;:&quot;classic&quot;}\">\n\t\t\t\t\t<div class=\"e-con-inner\">\n\t\t<div class=\"elementor-element elementor-element-6bb1155 e-con-full e-flex e-con e-child\" data-id=\"6bb1155\" data-element_type=\"container\" data-e-type=\"container\">\n\t\t\t\t<div class=\"elementor-element elementor-element-30cc46e elementor-widget elementor-widget-heading\" data-id=\"30cc46e\" data-element_type=\"widget\" data-e-type=\"widget\" data-widget_type=\"heading.default\">\n\t\t\t\t<div class=\"elementor-widget-container\">\n\t\t\t\t\t<h1 class=\"elementor-heading-title elementor-size-default\">Kat\u0131lmak ister misin? <span style=\"color:#FFFFFF\">ONS<\/span> \u0130\u015f mi?<\/h1>\t\t\t\t<\/div>\n\t\t\t\t<\/div>\n\t\t<div class=\"elementor-element elementor-element-81d3dd5 e-flex e-con-boxed e-con e-child\" data-id=\"81d3dd5\" data-element_type=\"container\" data-e-type=\"container\" data-settings=\"{&quot;background_background&quot;:&quot;classic&quot;}\">\n\t\t\t\t\t<div class=\"e-con-inner\">\n\t\t\t\t<div class=\"elementor-element elementor-element-a7403dc elementor-widget elementor-widget-text-editor\" data-id=\"a7403dc\" data-element_type=\"widget\" data-e-type=\"widget\" data-widget_type=\"text-editor.default\">\n\t\t\t\t<div class=\"elementor-widget-container\">\n\t\t\t\t\t\t\t\t\t<p>Telefonla ba\u015fvurmay\u0131 tercih edin <span style=\"color:#A5C715;\">ONS<\/span> at:<\/p>\n\t\t\t\t\t\t\t\t<\/div>\n\t\t\t\t<\/div>\n\t\t\t\t<div class=\"elementor-element elementor-element-efb4726 elementor-widget elementor-widget-spacer\" data-id=\"efb4726\" data-element_type=\"widget\" data-e-type=\"widget\" data-widget_type=\"spacer.default\">\n\t\t\t\t<div class=\"elementor-widget-container\">\n\t\t\t\t\t\t\t<div class=\"elementor-spacer\">\n\t\t\t<div class=\"elementor-spacer-inner\"><\/div>\n\t\t<\/div>\n\t\t\t\t\t\t<\/div>\n\t\t\t\t<\/div>\n\t\t\t\t<div class=\"elementor-element elementor-element-093a92b elementor-widget elementor-widget-button\" data-id=\"093a92b\" data-element_type=\"widget\" data-e-type=\"widget\" data-widget_type=\"button.default\">\n\t\t\t\t<div class=\"elementor-widget-container\">\n\t\t\t\t\t\t\t\t\t<div class=\"elementor-button-wrapper\">\n\t\t\t\t\t<a class=\"elementor-button elementor-button-link elementor-size-sm\" href=\"tel:+31174280537\">\n\t\t\t\t\t\t<span class=\"elementor-button-content-wrapper\">\n\t\t\t\t\t\t\t\t\t<span class=\"elementor-button-text\">T +31 174 - 280 537<\/span>\n\t\t\t\t\t<\/span>\n\t\t\t\t\t<\/a>\n\t\t\t\t<\/div>\n\t\t\t\t\t\t\t\t<\/div>\n\t\t\t\t<\/div>\n\t\t\t\t<div class=\"elementor-element elementor-element-503d3b5 elementor-widget elementor-widget-spacer\" data-id=\"503d3b5\" data-element_type=\"widget\" data-e-type=\"widget\" data-widget_type=\"spacer.default\">\n\t\t\t\t<div class=\"elementor-widget-container\">\n\t\t\t\t\t\t\t<div class=\"elementor-spacer\">\n\t\t\t<div class=\"elementor-spacer-inner\"><\/div>\n\t\t<\/div>\n\t\t\t\t\t\t<\/div>\n\t\t\t\t<\/div>\n\t\t\t\t<div class=\"elementor-element elementor-element-0ea3970 elementor-widget elementor-widget-text-editor\" data-id=\"0ea3970\" data-element_type=\"widget\" data-e-type=\"widget\" data-widget_type=\"text-editor.default\">\n\t\t\t\t<div class=\"elementor-widget-container\">\n\t\t\t\t\t\t\t\t\t<p>Ya da g\u00f6nder <span style=\"color: #a5c715;\">ONS<\/span> adresine CV&#8217;nizi i\u00e7eren bir e-posta g\u00f6nderin:<\/p>\n\t\t\t\t\t\t\t\t<\/div>\n\t\t\t\t<\/div>\n\t\t\t\t<div class=\"elementor-element elementor-element-acd71a6 elementor-widget elementor-widget-spacer\" data-id=\"acd71a6\" data-element_type=\"widget\" data-e-type=\"widget\" data-widget_type=\"spacer.default\">\n\t\t\t\t<div class=\"elementor-widget-container\">\n\t\t\t\t\t\t\t<div class=\"elementor-spacer\">\n\t\t\t<div class=\"elementor-spacer-inner\"><\/div>\n\t\t<\/div>\n\t\t\t\t\t\t<\/div>\n\t\t\t\t<\/div>\n\t\t\t\t<div class=\"elementor-element elementor-element-72ca504 elementor-widget elementor-widget-button\" data-id=\"72ca504\" data-element_type=\"widget\" data-e-type=\"widget\" data-widget_type=\"button.default\">\n\t\t\t\t<div class=\"elementor-widget-container\">\n\t\t\t\t\t\t\t\t\t<div class=\"elementor-button-wrapper\">\n\t\t\t\t\t<a class=\"elementor-button elementor-button-link elementor-size-sm\" href=\"mailto:info@onsuitzendgroep.nl\">\n\t\t\t\t\t\t<span class=\"elementor-button-content-wrapper\">\n\t\t\t\t\t\t\t\t\t<span class=\"elementor-button-text\">ionsuitzendgroepuitzendgroep.nl<\/span>\n\t\t\t\t\t<\/span>\n\t\t\t\t\t<\/a>\n\t\t\t\t<\/div>\n\t\t\t\t\t\t\t\t<\/div>\n\t\t\t\t<\/div>\n\t\t\t\t\t<\/div>\n\t\t\t\t<\/div>\n\t\t\t\t<\/div>\n\t\t<div class=\"elementor-element elementor-element-aceaa77 e-con-full e-flex e-con e-child\" data-id=\"aceaa77\" data-element_type=\"container\" data-e-type=\"container\">\n\t\t\t\t<div class=\"elementor-element elementor-element-1bd3c4f elementor-button-align-start elementor-widget elementor-widget-form\" data-id=\"1bd3c4f\" data-element_type=\"widget\" data-e-type=\"widget\" data-settings=\"{&quot;step_next_label&quot;:&quot;Sonraki&quot;,&quot;step_previous_label&quot;:&quot;\\u00d6nceki&quot;,&quot;step_type&quot;:&quot;number_text&quot;,&quot;step_icon_shape&quot;:&quot;circle&quot;}\" data-widget_type=\"form.default\">\n\t\t\t\t<div class=\"elementor-widget-container\">\n\t\t\t\t\t\t\t<form class=\"elementor-form\" method=\"post\" name=\"Abone Olun\" aria-label=\"Abone Olun\">\n\t\t\t<input type=\"hidden\" name=\"post_id\" value=\"3022\"\/>\n\t\t\t<input type=\"hidden\" name=\"form_id\" value=\"1bd3c4f\"\/>\n\t\t\t<input type=\"hidden\" name=\"referer_title\" value=\"ONS uitzendgroep\" \/>\n\n\t\t\t\n\t\t\t<div class=\"elementor-form-fields-wrapper elementor-labels-\">\n\t\t\t\t\t\t\t\t<div class=\"elementor-field-type-text elementor-field-group elementor-column elementor-field-group-name elementor-col-50 elementor-field-required\">\n\t\t\t\t\t\t\t\t\t\t\t\t<label for=\"form-field-name\" class=\"elementor-field-label elementor-screen-only\">\n\t\t\t\t\t\t\t\t\u0130sim\t\t\t\t\t\t\t<\/label>\n\t\t\t\t\t\t\t\t\t\t\t\t\t\t<input size=\"1\" type=\"text\" name=\"form_fields[name]\" id=\"form-field-name\" class=\"elementor-field elementor-size-md  elementor-field-textual\" placeholder=\"\u0130sim\" required=\"required\">\n\t\t\t\t\t\t\t\t\t\t\t<\/div>\n\t\t\t\t\t\t\t\t<div class=\"elementor-field-type-text elementor-field-group elementor-column elementor-field-group-lastname elementor-col-50 elementor-field-required\">\n\t\t\t\t\t\t\t\t\t\t\t\t<label for=\"form-field-lastname\" class=\"elementor-field-label elementor-screen-only\">\n\t\t\t\t\t\t\t\tSoyad\u0131\t\t\t\t\t\t\t<\/label>\n\t\t\t\t\t\t\t\t\t\t\t\t\t\t<input size=\"1\" type=\"text\" name=\"form_fields[lastname]\" id=\"form-field-lastname\" class=\"elementor-field elementor-size-md  elementor-field-textual\" placeholder=\"Soyad\u0131\" required=\"required\">\n\t\t\t\t\t\t\t\t\t\t\t<\/div>\n\t\t\t\t\t\t\t\t<div class=\"elementor-field-type-email elementor-field-group elementor-column elementor-field-group-email elementor-col-100 elementor-field-required\">\n\t\t\t\t\t\t\t\t\t\t\t\t<label for=\"form-field-email\" class=\"elementor-field-label elementor-screen-only\">\n\t\t\t\t\t\t\t\tE-posta adresi\t\t\t\t\t\t\t<\/label>\n\t\t\t\t\t\t\t\t\t\t\t\t\t\t<input size=\"1\" type=\"email\" name=\"form_fields[email]\" id=\"form-field-email\" class=\"elementor-field elementor-size-md  elementor-field-textual\" placeholder=\"E-posta adresi\" required=\"required\">\n\t\t\t\t\t\t\t\t\t\t\t<\/div>\n\t\t\t\t\t\t\t\t<div class=\"elementor-field-type-tel elementor-field-group elementor-column elementor-field-group-tel elementor-col-50 elementor-field-required\">\n\t\t\t\t\t\t\t\t\t\t\t\t<label for=\"form-field-tel\" class=\"elementor-field-label elementor-screen-only\">\n\t\t\t\t\t\t\t\tTelefon numaras\u0131\t\t\t\t\t\t\t<\/label>\n\t\t\t\t\t\t\t\t<input size=\"1\" type=\"tel\" name=\"form_fields[tel]\" id=\"form-field-tel\" class=\"elementor-field elementor-size-md  elementor-field-textual\" placeholder=\"Telefon numaras\u0131 (\u00fclke kodunu not edin)\" required=\"required\" pattern=\"[0-9()#&amp;+*-=.]+\" title=\"Only numbers and phone characters (#, -, *, etc) are accepted.\">\n\n\t\t\t\t\t\t<\/div>\n\t\t\t\t\t\t\t\t<div class=\"elementor-field-type-text elementor-field-group elementor-column elementor-field-group-field_woonplaats elementor-col-50\">\n\t\t\t\t\t\t\t\t\t\t\t\t<label for=\"form-field-field_woonplaats\" class=\"elementor-field-label elementor-screen-only\">\n\t\t\t\t\t\t\t\tKonut\t\t\t\t\t\t\t<\/label>\n\t\t\t\t\t\t\t\t\t\t\t\t\t\t<input size=\"1\" type=\"text\" name=\"form_fields[field_woonplaats]\" id=\"form-field-field_woonplaats\" class=\"elementor-field elementor-size-md  elementor-field-textual\" placeholder=\"Konut\">\n\t\t\t\t\t\t\t\t\t\t\t<\/div>\n\t\t\t\t\t\t\t\t<div class=\"elementor-field-type-text elementor-field-group elementor-column elementor-field-group-nationaliteit elementor-col-50 elementor-field-required\">\n\t\t\t\t\t\t\t\t\t\t\t\t<label for=\"form-field-nationaliteit\" class=\"elementor-field-label elementor-screen-only\">\n\t\t\t\t\t\t\t\tUyruk\t\t\t\t\t\t\t<\/label>\n\t\t\t\t\t\t\t\t\t\t\t\t\t\t<input size=\"1\" type=\"text\" name=\"form_fields[nationaliteit]\" id=\"form-field-nationaliteit\" class=\"elementor-field elementor-size-md  elementor-field-textual\" placeholder=\"Uyruk\" required=\"required\">\n\t\t\t\t\t\t\t\t\t\t\t<\/div>\n\t\t\t\t\t\t\t\t<div class=\"elementor-field-type-text elementor-field-group elementor-column elementor-field-group-rijbewijs elementor-col-50 elementor-field-required\">\n\t\t\t\t\t\t\t\t\t\t\t\t<label for=\"form-field-rijbewijs\" class=\"elementor-field-label elementor-screen-only\">\n\t\t\t\t\t\t\t\tEhliyet\t\t\t\t\t\t\t<\/label>\n\t\t\t\t\t\t\t\t\t\t\t\t\t\t<input size=\"1\" type=\"text\" name=\"form_fields[rijbewijs]\" id=\"form-field-rijbewijs\" class=\"elementor-field elementor-size-md  elementor-field-textual\" placeholder=\"Ehliyet\" required=\"required\">\n\t\t\t\t\t\t\t\t\t\t\t<\/div>\n\t\t\t\t\t\t\t\t<div class=\"elementor-field-type-textarea elementor-field-group elementor-column elementor-field-group-motivatie elementor-col-100\">\n\t\t\t\t\t\t\t\t\t\t\t\t<label for=\"form-field-motivatie\" class=\"elementor-field-label elementor-screen-only\">\n\t\t\t\t\t\t\t\tMotivasyon\t\t\t\t\t\t\t<\/label>\n\t\t\t\t\t\t<textarea class=\"elementor-field-textual elementor-field  elementor-size-md\" name=\"form_fields[motivatie]\" id=\"form-field-motivatie\" rows=\"5\" placeholder=\"Motivasyonunuzu buraya yaz\u0131n\"><\/textarea>\t\t\t\t<\/div>\n\t\t\t\t\t\t\t\t<div class=\"elementor-field-type-html elementor-field-group elementor-column elementor-field-group-field_115138c elementor-col-100\">\n\t\t\t\t\t\u00d6zge\u00e7mi\u015finizi y\u00fckleyin (.pdf veya .docx)\t\t\t\t<\/div>\n\t\t\t\t\t\t\t\t<div class=\"elementor-field-type-upload elementor-field-group elementor-column elementor-field-group-cv elementor-col-100\">\n\t\t\t\t\t\t\t\t\t\t\t\t<label for=\"form-field-cv\" class=\"elementor-field-label elementor-screen-only\">\n\t\t\t\t\t\t\t\tCV\t\t\t\t\t\t\t<\/label>\n\t\t\t\t\t\t\t\t<input type=\"file\" name=\"form_fields[cv]\" id=\"form-field-cv\" class=\"elementor-field elementor-size-md  elementor-upload-field\" data-maxsize=\"10\" data-maxsize-message=\"This file exceeds the maximum allowed size.\">\n\n\t\t\t\t\t\t<\/div>\n\t\t\t\t\t\t\t\t<div class=\"elementor-field-group elementor-column elementor-field-type-submit elementor-col-100 e-form__buttons\">\n\t\t\t\t\t<button class=\"elementor-button elementor-size-sm\" type=\"submit\">\n\t\t\t\t\t\t<span class=\"elementor-button-content-wrapper\">\n\t\t\t\t\t\t\t\t\t\t\t\t\t\t\t\t\t\t\t\t\t\t<span class=\"elementor-button-text\">Nakliye<\/span>\n\t\t\t\t\t\t\t\t\t\t\t\t\t<\/span>\n\t\t\t\t\t<\/button>\n\t\t\t\t<\/div>\n\t\t\t<\/div>\n\t\t<\/form>\n\t\t\t\t\t\t<\/div>\n\t\t\t\t<\/div>\n\t\t\t\t<div class=\"elementor-element elementor-element-7b49dc3 elementor-invisible elementor-widget elementor-widget-image\" data-id=\"7b49dc3\" data-element_type=\"widget\" data-e-type=\"widget\" data-settings=\"{&quot;_animation&quot;:&quot;slideInRight&quot;}\" data-widget_type=\"image.default\">\n\t\t\t\t<div class=\"elementor-widget-container\">\n\t\t\t\t\t\t\t\t\t\t\t\t\t\t\t<img fetchpriority=\"high\" decoding=\"async\" width=\"978\" height=\"600\" src=\"https:\/\/onsuitzendgroep.nl\/wp-content\/uploads\/2024\/05\/vector_werken_bij_ons.svg\" class=\"attachment-full size-full wp-image-3023\" alt=\"\" \/>\t\t\t\t\t\t\t\t\t\t\t\t\t\t\t<\/div>\n\t\t\t\t<\/div>\n\t\t\t\t<\/div>\n\t\t\t\t\t<\/div>\n\t\t\t\t<\/div>\n\t\t\t\t<\/div>\n\t\t","protected":false},"excerpt":{"rendered":"<p>Kat\u0131lmak ister misin? ONS \u0130\u015f mi? Telefonla ba\u015fvurmay\u0131 tercih edin ONS at: T +31 174 &#8211; 280 537 Ya da g\u00f6nder ONS adresine CV&#8217;nizi i\u00e7eren bir e-posta g\u00f6nderin: ionsuitzendgroepuitzendgroep.nl<\/p>\n","protected":false},"author":1,"featured_media":0,"parent":0,"menu_order":0,"comment_status":"closed","ping_status":"closed","template":"","meta":{"footnotes":""},"class_list":["post-3022","page","type-page","status-publish","hentry"],"yoast_head":"<!-- This site is optimized with the Yoast SEO plugin v27.3 - https:\/\/yoast.com\/product\/yoast-seo-wordpress\/ -->\n<title>Abone Olun - ONS uitzendgroep<\/title>\n<meta name=\"robots\" content=\"index, follow, max-snippet:-1, max-image-preview:large, max-video-preview:-1\" \/>\n<link rel=\"canonical\" href=\"https:\/\/onsuitzendgroep.nl\/inschrijven\/\" \/>\n<meta property=\"og:locale\" content=\"tr_TR\" \/>\n<meta property=\"og:type\" content=\"article\" \/>\n<meta property=\"og:title\" content=\"Abone Olun - ONS uitzendgroep\" \/>\n<meta property=\"og:description\" content=\"Kat\u0131lmak ister misin? ONS \u0130\u015f mi? Telefonla ba\u015fvurmay\u0131 tercih edin ONS at: T +31 174 &#8211; 280 537 Ya da g\u00f6nder ONS adresine CV&#8217;nizi i\u00e7eren bir e-posta g\u00f6nderin: ionsuitzendgroepuitzendgroep.nl\" \/>\n<meta property=\"og:url\" content=\"https:\/\/onsuitzendgroep.nl\/inschrijven\/\" \/>\n<meta property=\"og:site_name\" content=\"ONS uitzendgroep\" \/>\n<meta property=\"article:modified_time\" content=\"2024-07-11T07:51:10+00:00\" \/>\n<meta property=\"og:image\" content=\"https:\/\/onsuitzendgroep.nl\/wp-content\/uploads\/2024\/05\/vector_werken_bij_ons.svg\" \/>\n<meta name=\"twitter:card\" content=\"summary_large_image\" \/>\n<script type=\"application\/ld+json\" class=\"yoast-schema-graph\">{\"@context\":\"https:\\\/\\\/schema.org\",\"@graph\":[{\"@type\":\"WebPage\",\"@id\":\"https:\\\/\\\/onsuitzendgroep.nl\\\/inschrijven\\\/\",\"url\":\"https:\\\/\\\/onsuitzendgroep.nl\\\/inschrijven\\\/\",\"name\":\"Abone Olun - ONS uitzendgroep\",\"isPartOf\":{\"@id\":\"https:\\\/\\\/onsuitzendgroep.nl\\\/ru\\\/#website\"},\"primaryImageOfPage\":{\"@id\":\"https:\\\/\\\/onsuitzendgroep.nl\\\/inschrijven\\\/#primaryimage\"},\"image\":{\"@id\":\"https:\\\/\\\/onsuitzendgroep.nl\\\/inschrijven\\\/#primaryimage\"},\"thumbnailUrl\":\"https:\\\/\\\/onsuitzendgroep.nl\\\/wp-content\\\/uploads\\\/2024\\\/05\\\/vector_werken_bij_ons.svg\",\"datePublished\":\"2024-05-02T12:12:15+00:00\",\"dateModified\":\"2024-07-11T07:51:10+00:00\",\"breadcrumb\":{\"@id\":\"https:\\\/\\\/onsuitzendgroep.nl\\\/inschrijven\\\/#breadcrumb\"},\"inLanguage\":\"tr\",\"potentialAction\":[{\"@type\":\"ReadAction\",\"target\":[\"https:\\\/\\\/onsuitzendgroep.nl\\\/inschrijven\\\/\"]}]},{\"@type\":\"ImageObject\",\"inLanguage\":\"tr\",\"@id\":\"https:\\\/\\\/onsuitzendgroep.nl\\\/inschrijven\\\/#primaryimage\",\"url\":\"https:\\\/\\\/onsuitzendgroep.nl\\\/wp-content\\\/uploads\\\/2024\\\/05\\\/vector_werken_bij_ons.svg\",\"contentUrl\":\"https:\\\/\\\/onsuitzendgroep.nl\\\/wp-content\\\/uploads\\\/2024\\\/05\\\/vector_werken_bij_ons.svg\"},{\"@type\":\"BreadcrumbList\",\"@id\":\"https:\\\/\\\/onsuitzendgroep.nl\\\/inschrijven\\\/#breadcrumb\",\"itemListElement\":[{\"@type\":\"ListItem\",\"position\":1,\"name\":\"Home\",\"item\":\"https:\\\/\\\/onsuitzendgroep.nl\\\/tr\\\/ev\\\/\"},{\"@type\":\"ListItem\",\"position\":2,\"name\":\"Abone Olun\"}]},{\"@type\":\"WebSite\",\"@id\":\"https:\\\/\\\/onsuitzendgroep.nl\\\/ru\\\/#website\",\"url\":\"https:\\\/\\\/onsuitzendgroep.nl\\\/ru\\\/\",\"name\":\"ONS uitzendgroep\",\"description\":\"Werken met ONS\",\"publisher\":{\"@id\":\"https:\\\/\\\/onsuitzendgroep.nl\\\/ru\\\/#organization\"},\"alternateName\":\"Werken met ONS\",\"potentialAction\":[{\"@type\":\"SearchAction\",\"target\":{\"@type\":\"EntryPoint\",\"urlTemplate\":\"https:\\\/\\\/onsuitzendgroep.nl\\\/ru\\\/?s={search_term_string}\"},\"query-input\":{\"@type\":\"PropertyValueSpecification\",\"valueRequired\":true,\"valueName\":\"search_term_string\"}}],\"inLanguage\":\"tr\"},{\"@type\":\"Organization\",\"@id\":\"https:\\\/\\\/onsuitzendgroep.nl\\\/ru\\\/#organization\",\"name\":\"ONS uitzendgroep\",\"url\":\"https:\\\/\\\/onsuitzendgroep.nl\\\/ru\\\/\",\"logo\":{\"@type\":\"ImageObject\",\"inLanguage\":\"tr\",\"@id\":\"https:\\\/\\\/onsuitzendgroep.nl\\\/ru\\\/#\\\/schema\\\/logo\\\/image\\\/\",\"url\":\"https:\\\/\\\/onsuitzendgroep.nl\\\/wp-content\\\/uploads\\\/2024\\\/04\\\/logo_ons_uitzendgroep.svg\",\"contentUrl\":\"https:\\\/\\\/onsuitzendgroep.nl\\\/wp-content\\\/uploads\\\/2024\\\/04\\\/logo_ons_uitzendgroep.svg\",\"width\":150,\"height\":149,\"caption\":\"ONS uitzendgroep\"},\"image\":{\"@id\":\"https:\\\/\\\/onsuitzendgroep.nl\\\/ru\\\/#\\\/schema\\\/logo\\\/image\\\/\"}}]}<\/script>\n<!-- \/ Yoast SEO plugin. -->","yoast_head_json":{"title":"Abone Olun - ONS uitzendgroep","robots":{"index":"index","follow":"follow","max-snippet":"max-snippet:-1","max-image-preview":"max-image-preview:large","max-video-preview":"max-video-preview:-1"},"canonical":"https:\/\/onsuitzendgroep.nl\/inschrijven\/","og_locale":"tr_TR","og_type":"article","og_title":"Abone Olun - ONS uitzendgroep","og_description":"Kat\u0131lmak ister misin? ONS \u0130\u015f mi? Telefonla ba\u015fvurmay\u0131 tercih edin ONS at: T +31 174 &#8211; 280 537 Ya da g\u00f6nder ONS adresine CV&#8217;nizi i\u00e7eren bir e-posta g\u00f6nderin: ionsuitzendgroepuitzendgroep.nl","og_url":"https:\/\/onsuitzendgroep.nl\/inschrijven\/","og_site_name":"ONS uitzendgroep","article_modified_time":"2024-07-11T07:51:10+00:00","og_image":[{"url":"https:\/\/onsuitzendgroep.nl\/wp-content\/uploads\/2024\/05\/vector_werken_bij_ons.svg","type":"","width":"","height":""}],"twitter_card":"summary_large_image","schema":{"@context":"https:\/\/schema.org","@graph":[{"@type":"WebPage","@id":"https:\/\/onsuitzendgroep.nl\/inschrijven\/","url":"https:\/\/onsuitzendgroep.nl\/inschrijven\/","name":"Abone Olun - ONS uitzendgroep","isPartOf":{"@id":"https:\/\/onsuitzendgroep.nl\/ru\/#website"},"primaryImageOfPage":{"@id":"https:\/\/onsuitzendgroep.nl\/inschrijven\/#primaryimage"},"image":{"@id":"https:\/\/onsuitzendgroep.nl\/inschrijven\/#primaryimage"},"thumbnailUrl":"https:\/\/onsuitzendgroep.nl\/wp-content\/uploads\/2024\/05\/vector_werken_bij_ons.svg","datePublished":"2024-05-02T12:12:15+00:00","dateModified":"2024-07-11T07:51:10+00:00","breadcrumb":{"@id":"https:\/\/onsuitzendgroep.nl\/inschrijven\/#breadcrumb"},"inLanguage":"tr","potentialAction":[{"@type":"ReadAction","target":["https:\/\/onsuitzendgroep.nl\/inschrijven\/"]}]},{"@type":"ImageObject","inLanguage":"tr","@id":"https:\/\/onsuitzendgroep.nl\/inschrijven\/#primaryimage","url":"https:\/\/onsuitzendgroep.nl\/wp-content\/uploads\/2024\/05\/vector_werken_bij_ons.svg","contentUrl":"https:\/\/onsuitzendgroep.nl\/wp-content\/uploads\/2024\/05\/vector_werken_bij_ons.svg"},{"@type":"BreadcrumbList","@id":"https:\/\/onsuitzendgroep.nl\/inschrijven\/#breadcrumb","itemListElement":[{"@type":"ListItem","position":1,"name":"Home","item":"https:\/\/onsuitzendgroep.nl\/tr\/ev\/"},{"@type":"ListItem","position":2,"name":"Abone Olun"}]},{"@type":"WebSite","@id":"https:\/\/onsuitzendgroep.nl\/ru\/#website","url":"https:\/\/onsuitzendgroep.nl\/ru\/","name":"ONS uitzendgroep","description":"Werken met ONS","publisher":{"@id":"https:\/\/onsuitzendgroep.nl\/ru\/#organization"},"alternateName":"Werken met ONS","potentialAction":[{"@type":"SearchAction","target":{"@type":"EntryPoint","urlTemplate":"https:\/\/onsuitzendgroep.nl\/ru\/?s={search_term_string}"},"query-input":{"@type":"PropertyValueSpecification","valueRequired":true,"valueName":"search_term_string"}}],"inLanguage":"tr"},{"@type":"Organization","@id":"https:\/\/onsuitzendgroep.nl\/ru\/#organization","name":"ONS uitzendgroep","url":"https:\/\/onsuitzendgroep.nl\/ru\/","logo":{"@type":"ImageObject","inLanguage":"tr","@id":"https:\/\/onsuitzendgroep.nl\/ru\/#\/schema\/logo\/image\/","url":"https:\/\/onsuitzendgroep.nl\/wp-content\/uploads\/2024\/04\/logo_ons_uitzendgroep.svg","contentUrl":"https:\/\/onsuitzendgroep.nl\/wp-content\/uploads\/2024\/04\/logo_ons_uitzendgroep.svg","width":150,"height":149,"caption":"ONS uitzendgroep"},"image":{"@id":"https:\/\/onsuitzendgroep.nl\/ru\/#\/schema\/logo\/image\/"}}]}},"_links":{"self":[{"href":"https:\/\/onsuitzendgroep.nl\/tr\/wp-json\/wp\/v2\/pages\/3022","targetHints":{"allow":["GET"]}}],"collection":[{"href":"https:\/\/onsuitzendgroep.nl\/tr\/wp-json\/wp\/v2\/pages"}],"about":[{"href":"https:\/\/onsuitzendgroep.nl\/tr\/wp-json\/wp\/v2\/types\/page"}],"author":[{"embeddable":true,"href":"https:\/\/onsuitzendgroep.nl\/tr\/wp-json\/wp\/v2\/users\/1"}],"replies":[{"embeddable":true,"href":"https:\/\/onsuitzendgroep.nl\/tr\/wp-json\/wp\/v2\/comments?post=3022"}],"version-history":[{"count":5,"href":"https:\/\/onsuitzendgroep.nl\/tr\/wp-json\/wp\/v2\/pages\/3022\/revisions"}],"predecessor-version":[{"id":4093,"href":"https:\/\/onsuitzendgroep.nl\/tr\/wp-json\/wp\/v2\/pages\/3022\/revisions\/4093"}],"wp:attachment":[{"href":"https:\/\/onsuitzendgroep.nl\/tr\/wp-json\/wp\/v2\/media?parent=3022"}],"curies":[{"name":"wp","href":"https:\/\/api.w.org\/{rel}","templated":true}]}}